{"id":900,"date":"2018-12-12T19:17:53","date_gmt":"2018-12-12T22:17:53","guid":{"rendered":"https:\/\/bodegasanchezsa.com\/?page_id=900"},"modified":"2025-09-25T12:47:55","modified_gmt":"2025-09-25T15:47:55","slug":"bulk-wines","status":"publish","type":"page","link":"https:\/\/bodegasanchezsa.com\/en\/bulk-wines\/","title":{"rendered":"Bulk wines"},"content":{"rendered":"<p>With a well-established history at the foot of the Uco Valley in Luj\u00e1n de Cuyo, Bodegas y Vi\u00f1edos S\u00e1nchez S.A. is dedicated to the production and export of top-quality bulk wines, designed to meet the demands of the national and international markets.<\/p>\n\n\n\n<p>We are a trusted supplier, committed to excellence at every step, from the vineyard to delivery.<\/p>\n\n\n\n<h2 class=\"wp-block-heading\">Our value proposition:<\/h2>\n\n\n\n<p><strong>Consistent quality and consistency.<\/strong><\/p>\n\n\n\n<p>We offer consistent wines year after year, selected under rigorous controls to ensure consistency and the desired profile for our customers.<\/p>\n\n\n\n<p><strong>Portfolio.<\/strong><\/p>\n\n\n\n<p>Includes emblematic varietals such as Malbec and Cabernet Sauvignon, Cabernet Franc and Chardonnay, as well as other options to meet different needs, both in red and white wines.<\/p>\n\n\n\n<p><strong>Flexibility for your business.<\/strong><\/p>\n\n\n\n<p>We understand the importance of adapting to the global market. That&#8217;s why we offer flexible solutions that allow wine to be packaged at destination or integrated into your winery&#8217;s production of new blends.<\/p>\n\n\n\n<p><strong>Commitment to Quality<\/strong><\/p>\n\n\n\n<p>Our practices and controls guarantee a reliable final product that meets the expectations of the most demanding markets.<\/p>\n\n\n\n<p><strong>Adaptability<\/strong><\/p>\n\n\n\n<p>We work closely with our clients to offer the bulk wine solution that best suits their commercial objectives, whether for direct consumption at destination or for the creation of their products.<\/p>\n\n\n\n<p><strong>Visibility in the Global Market<\/strong><\/p>\n\n\n\n<p>We are a supplier with a proven ability to integrate into the international commercial sector and serve markets.<\/p>","protected":false},"excerpt":{"rendered":"<p>With a well-established history at the foot of the Uco Valley in Luj\u00e1n de Cuyo, Bodegas y Vi\u00f1edos S\u00e1nchez S.A. is dedicated to the production and export of top-quality bulk wines, designed to meet the demands of the national and international markets. We are a trusted supplier, committed to excellence at every step, from the [&#8230;]<\/p>\n<p><a class=\"btn btn-secondary understrap-read-more-link\" href=\"https:\/\/bodegasanchezsa.com\/en\/bulk-wines\/\">Read More&#8230;<\/a><\/p>\n","protected":false},"author":1,"featured_media":0,"parent":0,"menu_order":13,"comment_status":"closed","ping_status":"closed","template":"","meta":{"_acf_changed":false,"footnotes":""},"class_list":["post-900","page","type-page","status-publish","hentry"],"acf":[],"_links":{"self":[{"href":"https:\/\/bodegasanchezsa.com\/en\/wp-json\/wp\/v2\/pages\/900","targetHints":{"allow":["GET"]}}],"collection":[{"href":"https:\/\/bodegasanchezsa.com\/en\/wp-json\/wp\/v2\/pages"}],"about":[{"href":"https:\/\/bodegasanchezsa.com\/en\/wp-json\/wp\/v2\/types\/page"}],"author":[{"embeddable":true,"href":"https:\/\/bodegasanchezsa.com\/en\/wp-json\/wp\/v2\/users\/1"}],"replies":[{"embeddable":true,"href":"https:\/\/bodegasanchezsa.com\/en\/wp-json\/wp\/v2\/comments?post=900"}],"version-history":[{"count":2,"href":"https:\/\/bodegasanchezsa.com\/en\/wp-json\/wp\/v2\/pages\/900\/revisions"}],"predecessor-version":[{"id":1850,"href":"https:\/\/bodegasanchezsa.com\/en\/wp-json\/wp\/v2\/pages\/900\/revisions\/1850"}],"wp:attachment":[{"href":"https:\/\/bodegasanchezsa.com\/en\/wp-json\/wp\/v2\/media?parent=900"}],"curies":[{"name":"wp","href":"https:\/\/api.w.org\/{rel}","templated":true}]}}